{"id":317,"date":"2023-01-12T14:25:50","date_gmt":"2023-01-12T14:25:50","guid":{"rendered":"https:\/\/pcklubfu.website.tuke.sk\/?page_id=317"},"modified":"2023-03-05T09:34:45","modified_gmt":"2023-03-05T09:34:45","slug":"ako-zistit-mac-adresu-pocitaca","status":"publish","type":"page","link":"https:\/\/funet.tuke.sk\/?page_id=317","title":{"rendered":"Ako zisti\u0165 MAC adresu po\u010d\u00edta\u010da"},"content":{"rendered":"\n<h2 class=\"wp-block-heading\">Ako zisti\u0165 MAC adresu po\u010d\u00edta\u010da<\/h2>\n\n\n\n<p><strong>MAC<\/strong>&nbsp;(<strong>Media Access Control<\/strong>)&nbsp;<strong>adresa<\/strong>&nbsp;je identifika\u010dn\u00e9 \u010d\u00edslo&nbsp;sie\u0165ov\u00e9ho adapt\u00e9ra&nbsp;sl\u00fa\u017eiace na jednozna\u010dn\u00fa identifik\u00e1ciu sie\u0165ov\u00e9ho rozhrania v&nbsp;lok\u00e1lnych po\u010d\u00edta\u010dov\u00fdch sie\u0165ach&nbsp;typu&nbsp;Ethernet,&nbsp;Token Ring&nbsp;a mnoh\u00fdch \u010fal\u0161\u00edch. Ka\u017ed\u00fd sie\u0165ov\u00fd adapt\u00e9r (sie\u0165ov\u00e1 karta) m\u00e1 zaru\u010den\u00fa jedine\u010dn\u00fa MAC adresu.<\/p>\n\n\n\n<p>Pred h\u013eadan\u00edm adresy MAC sa zistite, \u017ee m\u00e1te konektor ethernetov\u00e9ho k\u00e1bla, vi\u010f obr\u00e1zok ni\u017e\u0161ie.<\/p>\n\n\n<div class=\"wp-block-image\">\n<figure class=\"aligncenter size-large\"><img decoding=\"async\" src=\"https:\/\/funet.tuke.sk\/wp-content\/uploads\/2023\/01\/mac-adress-eng-4.png\" alt=\"\"\/><\/figure>\n<\/div>\n\n\n<p>Ak podobn\u00fd konektor na svojom po\u010d\u00edta\u010di nem\u00e1te, mali by ste si k\u00fapi\u0165 USB&#8212;&gt;Ethernet adapt\u00e9r, vi\u010f obr\u00e1zok ni\u017e\u0161ie. Tento adapt\u00e9r m\u00e1 svoju vlastn\u00fa MAC adresu nez\u00e1visl\u00fa od adresy po\u010d\u00edta\u010da.<\/p>\n\n\n<div class=\"wp-block-image\">\n<figure class=\"aligncenter size-large\"><img decoding=\"async\" src=\"https:\/\/funet.tuke.sk\/wp-content\/uploads\/2023\/01\/mac-adress-eng-5.png\" alt=\"\"\/><\/figure>\n<\/div>\n\n\n<p class=\"has-text-align-center\"><strong>Ako zisti\u0165 MAC adresu zariadenia v opera\u010dnom syst\u00e9me Windows<\/strong><\/p>\n\n\n\n<ul class=\"wp-block-list\">\n<li>Otvorte okno T<strong>ermin\u00e1lu<\/strong> (do vyh\u013ead\u00e1vania nap\u00ed\u0161te &#8222;<strong>CMD<\/strong>&#8222;, &#8222;Command prompt&#8220;, alebo &#8222;Pr\u00edkazov\u00fd riadok&#8220;).<\/li>\n\n\n\n<li>Zadajte pr\u00edkaz \u201c <strong>getmac \u2013v<\/strong> \u201d do T<strong>ermin\u00e1lu<\/strong>.<\/li>\n\n\n\n<li>Zap\u00ed\u0161te si&nbsp;<strong>Mac adresu<\/strong>&nbsp;ved\u013ea polo\u017eky&nbsp;<strong>Ethernet<\/strong>.<\/li>\n<\/ul>\n\n\n<div class=\"wp-block-image\">\n<figure class=\"aligncenter size-large\"><img decoding=\"async\" src=\"https:\/\/funet.tuke.sk\/wp-content\/uploads\/2023\/01\/getmac.png\" alt=\"\"\/><\/figure>\n<\/div>\n\n\n<p><\/p>\n\n\n\n<p class=\"has-text-align-center\"><strong>Ako zisti\u0165 MAC adresu zariadenia v opera\u010dnom syst\u00e9me LINUX<\/strong><\/p>\n\n\n\n<ul class=\"wp-block-list\">\n<li>Otvorte okno&nbsp;<strong>Termin\u00e1lu<\/strong>.<\/li>\n\n\n\n<li>Zadajte pr\u00edkaz \u201d ip a | grep ether \u201d v&nbsp;<strong>Termin\u00e1li.<\/strong><\/li>\n\n\n\n<li>Prv\u00e1 hodnota je va\u0161a&nbsp;<strong>MAC adresa<\/strong>.<\/li>\n<\/ul>\n\n\n<div class=\"wp-block-image\">\n<figure class=\"aligncenter size-large\"><img decoding=\"async\" src=\"https:\/\/funet.tuke.sk\/wp-content\/uploads\/2023\/01\/mac-eng-1-2-1024x152-1.png\" alt=\"\"\/><\/figure>\n<\/div>\n\n\n<p><\/p>\n\n\n\n<p class=\"has-text-align-center\"><strong>Ako zisti\u0165 MAC adresu zariadenia v opera\u010dnom syst\u00e9me MacOS<\/strong><\/p>\n\n\n\n<ul class=\"wp-block-list\">\n<li>Vyberte polo\u017eku&nbsp;<strong>\u00abSystem Preferences\u00bb<\/strong><\/li>\n<\/ul>\n\n\n<div class=\"wp-block-image\">\n<figure class=\"aligncenter size-large\"><img decoding=\"async\" src=\"https:\/\/funet.tuke.sk\/wp-content\/uploads\/2023\/01\/1-1.png\" alt=\"\"\/><\/figure>\n<\/div>\n\n\n<ul class=\"wp-block-list\">\n<li>Vyberte&nbsp;<strong>\u00abNetwork\u00bb<\/strong><\/li>\n<\/ul>\n\n\n<div class=\"wp-block-image\">\n<figure class=\"aligncenter size-large\"><img decoding=\"async\" src=\"https:\/\/funet.tuke.sk\/wp-content\/uploads\/2023\/01\/2-1024x876-1.png\" alt=\"\"\/><\/figure>\n<\/div>\n\n\n<ul class=\"wp-block-list\">\n<li>Vyberte svoj adapt\u00e9r a potom stla\u010dte tla\u010didlo&nbsp;<strong>\u00abAdvanced\u00bb<\/strong><\/li>\n<\/ul>\n\n\n<div class=\"wp-block-image\">\n<figure class=\"aligncenter size-large\"><img decoding=\"async\" src=\"https:\/\/funet.tuke.sk\/wp-content\/uploads\/2023\/01\/3-1024x962-1.png\" alt=\"\"\/><\/figure>\n<\/div>\n\n\n<ul class=\"wp-block-list\">\n<li>Tu je va\u0161a Mac adresa.<\/li>\n<\/ul>\n\n\n<div class=\"wp-block-image\">\n<figure class=\"aligncenter size-large\"><img decoding=\"async\" src=\"https:\/\/funet.tuke.sk\/wp-content\/uploads\/2023\/01\/4-1024x971-1.png\" alt=\"\"\/><\/figure>\n<\/div>\n\n\n<figure class=\"wp-block-image size-large\"><img decoding=\"async\" src=\"https:\/\/funet.tuke.sk\/wp-content\/uploads\/2023\/01\/logo-4.gif\" alt=\"\"\/><\/figure>\n","protected":false},"excerpt":{"rendered":"<p>Ako zisti\u0165 MAC adresu po\u010d\u00edta\u010da MAC&nbsp;(Media Access Control)&nbsp;adresa&nbsp;je identifika\u010dn\u00e9 \u010d\u00edslo&nbsp;sie\u0165ov\u00e9ho adapt\u00e9ra&nbsp;sl\u00fa\u017eiace na jednozna\u010dn\u00fa identifik\u00e1ciu sie\u0165ov\u00e9ho rozhrania v&nbsp;lok\u00e1lnych po\u010d\u00edta\u010dov\u00fdch sie\u0165ach&nbsp;typu&nbsp;Ethernet,&nbsp;Token Ring&nbsp;a mnoh\u00fdch \u010fal\u0161\u00edch. Ka\u017ed\u00fd sie\u0165ov\u00fd adapt\u00e9r (sie\u0165ov\u00e1 karta) m\u00e1 zaru\u010den\u00fa jedine\u010dn\u00fa &#8230;<\/p>\n","protected":false},"author":2,"featured_media":0,"parent":0,"menu_order":0,"comment_status":"closed","ping_status":"closed","template":"","meta":{"footnotes":""},"class_list":["post-317","page","type-page","status-publish","hentry"],"_links":{"self":[{"href":"https:\/\/funet.tuke.sk\/index.php?rest_route=\/wp\/v2\/pages\/317","targetHints":{"allow":["GET"]}}],"collection":[{"href":"https:\/\/funet.tuke.sk\/index.php?rest_route=\/wp\/v2\/pages"}],"about":[{"href":"https:\/\/funet.tuke.sk\/index.php?rest_route=\/wp\/v2\/types\/page"}],"author":[{"embeddable":true,"href":"https:\/\/funet.tuke.sk\/index.php?rest_route=\/wp\/v2\/users\/2"}],"replies":[{"embeddable":true,"href":"https:\/\/funet.tuke.sk\/index.php?rest_route=%2Fwp%2Fv2%2Fcomments&post=317"}],"version-history":[{"count":11,"href":"https:\/\/funet.tuke.sk\/index.php?rest_route=\/wp\/v2\/pages\/317\/revisions"}],"predecessor-version":[{"id":603,"href":"https:\/\/funet.tuke.sk\/index.php?rest_route=\/wp\/v2\/pages\/317\/revisions\/603"}],"wp:attachment":[{"href":"https:\/\/funet.tuke.sk\/index.php?rest_route=%2Fwp%2Fv2%2Fmedia&parent=317"}],"curies":[{"name":"wp","href":"https:\/\/api.w.org\/{rel}","templated":true}]}}