{"id":479,"date":"2023-01-13T13:57:04","date_gmt":"2023-01-13T13:57:04","guid":{"rendered":"https:\/\/pcklubfu.website.tuke.sk\/?page_id=479"},"modified":"2024-04-07T10:16:53","modified_gmt":"2024-04-07T10:16:53","slug":"posilnovna","status":"publish","type":"page","link":"https:\/\/funet.tuke.sk\/?page_id=479","title":{"rendered":"Posil\u0148ov\u0148a"},"content":{"rendered":"\n<h2 class=\"wp-block-heading\">Posil\u0148ov\u0148a<\/h2>\n\n\n\n<p>\u010clenovia OZ \u0160RFU maj\u00fa mo\u017enos\u0165 vyu\u017e\u00edva\u0165 slu\u017eby intern\u00e1tnej posil\u0148ovne. Je potrebn\u00e9 sa v\u017edy zap\u00edsa\u0165 na konkr\u00e9tny \u010das cez rezerva\u010dn\u00fd syst\u00e9m posil\u0148ovne:<\/p>\n\n\n\n<p><a href=\"http:\/\/posilka.funet.tuke.sk\" data-type=\"link\" data-id=\"http:\/\/posilka.funet.tuke.sk\">http:\/\/posilka.funet.tuke.sk<\/a><\/p>\n\n\n\n<p>K\u013e\u00fa\u010de od miestnosti V\u00e1m odovzdaj\u00fa na vr\u00e1tnici po predlo\u017een\u00ed V\u00e1\u0161ho ISICu.<\/p>\n\n\n<div class=\"wp-block-image\">\n<figure class=\"aligncenter size-large\"><img decoding=\"async\" src=\"https:\/\/funet.tuke.sk\/wp-content\/uploads\/2023\/01\/posilka.jpg\" alt=\"\"\/><\/figure>\n<\/div>\n\n\n<h2 class=\"wp-block-heading\">Ako sa zap\u00edsa\u0165 cez rezerva\u010dn\u00fd syst\u00e9m<\/h2>\n\n\n\n<p>Na mo\u017enos\u0165 zap\u00edsania sa do posil\u0148ovne, <strong>mus\u00edte by\u0165 zap\u00edsan\u00fd<\/strong> <strong>do ob\u010dianskeho zdru\u017eenia<\/strong> (OZ), a <strong>mus\u00edte ma\u0165 aktivovan\u00fd pr\u00edstup na internet !<\/strong><\/p>\n\n\n\n<figure class=\"wp-block-image size-full\"><img loading=\"lazy\" decoding=\"async\" width=\"766\" height=\"455\" src=\"https:\/\/funet.tuke.sk\/wp-content\/uploads\/2024\/04\/1.png\" alt=\"\" class=\"wp-image-670\" srcset=\"https:\/\/funet.tuke.sk\/wp-content\/uploads\/2024\/04\/1.png 766w, https:\/\/funet.tuke.sk\/wp-content\/uploads\/2024\/04\/1-300x178.png 300w\" sizes=\"auto, (max-width: 766px) 100vw, 766px\" \/><\/figure>\n\n\n\n<p>Prihl\u00e1si\u0165 sa je mo\u017en\u00e9 s <strong>\u00fa\u010dtom od V\u00e1\u0161ho userpanelu<\/strong> ktor\u00fd ste si vytvorili pri z\u00e1pise do OZ. <\/p>\n\n\n\n<p>N\u00e1sledne u\u017e len sta\u010d\u00ed vybra\u0165 vo\u013en\u00fd term\u00edn kliknut\u00edm na pol\u00ed\u010dko.<\/p>\n\n\n\n<p>V pr\u00edpade \u017ee viete \u017ee na Vami zvolen\u00fd term\u00edn nepr\u00eddete, m\u00f4\u017eete sa z neho odhl\u00e1si\u0165 op\u00e4tovn\u00fdm kliknut\u00edm na pol\u00ed\u010dko. Uvo\u013en\u00edte t\u00fdm tento term\u00edn pre in\u00fdch \ud83d\ude42<\/p>\n","protected":false},"excerpt":{"rendered":"<p>Posil\u0148ov\u0148a \u010clenovia OZ \u0160RFU maj\u00fa mo\u017enos\u0165 vyu\u017e\u00edva\u0165 slu\u017eby intern\u00e1tnej posil\u0148ovne. Je potrebn\u00e9 sa v\u017edy zap\u00edsa\u0165 na konkr\u00e9tny \u010das cez rezerva\u010dn\u00fd syst\u00e9m posil\u0148ovne: http:\/\/posilka.funet.tuke.sk K\u013e\u00fa\u010de od miestnosti V\u00e1m odovzdaj\u00fa na vr\u00e1tnici &#8230;<\/p>\n","protected":false},"author":2,"featured_media":0,"parent":0,"menu_order":0,"comment_status":"closed","ping_status":"closed","template":"","meta":{"footnotes":""},"class_list":["post-479","page","type-page","status-publish","hentry"],"_links":{"self":[{"href":"https:\/\/funet.tuke.sk\/index.php?rest_route=\/wp\/v2\/pages\/479","targetHints":{"allow":["GET"]}}],"collection":[{"href":"https:\/\/funet.tuke.sk\/index.php?rest_route=\/wp\/v2\/pages"}],"about":[{"href":"https:\/\/funet.tuke.sk\/index.php?rest_route=\/wp\/v2\/types\/page"}],"author":[{"embeddable":true,"href":"https:\/\/funet.tuke.sk\/index.php?rest_route=\/wp\/v2\/users\/2"}],"replies":[{"embeddable":true,"href":"https:\/\/funet.tuke.sk\/index.php?rest_route=%2Fwp%2Fv2%2Fcomments&post=479"}],"version-history":[{"count":5,"href":"https:\/\/funet.tuke.sk\/index.php?rest_route=\/wp\/v2\/pages\/479\/revisions"}],"predecessor-version":[{"id":673,"href":"https:\/\/funet.tuke.sk\/index.php?rest_route=\/wp\/v2\/pages\/479\/revisions\/673"}],"wp:attachment":[{"href":"https:\/\/funet.tuke.sk\/index.php?rest_route=%2Fwp%2Fv2%2Fmedia&parent=479"}],"curies":[{"name":"wp","href":"https:\/\/api.w.org\/{rel}","templated":true}]}}