{"id":495,"date":"2023-01-13T14:16:22","date_gmt":"2023-01-13T14:16:22","guid":{"rendered":"https:\/\/pcklubfu.website.tuke.sk\/?page_id=495"},"modified":"2023-03-05T09:25:18","modified_gmt":"2023-03-05T09:25:18","slug":"stolny-tenis","status":"publish","type":"page","link":"https:\/\/funet.tuke.sk\/?page_id=495","title":{"rendered":"Stoln\u00fd tenis"},"content":{"rendered":"\n<h2 class=\"wp-block-heading\">Stoln\u00fd tenis<\/h2>\n\n\n\n<p>Na intern\u00e1te sa nach\u00e1dzaj\u00fa dva stoly na stoln\u00fd tenis. Pr\u00edstup ku stolom maj\u00fa v\u0161etci \u010dlenovia OZ \u0160RFU. V miestnosti PC Klubu si je mo\u017en\u00e9 zapo\u017ei\u010da\u0165 rakety, lopti\u010dky a sie\u0165ku.<\/p>\n\n\n\n<div class=\"wp-block-columns is-layout-flex wp-container-core-columns-is-layout-9d6595d7 wp-block-columns-is-layout-flex\">\n<div class=\"wp-block-column is-layout-flow wp-block-column-is-layout-flow\">\n<figure class=\"wp-block-image size-large\"><img decoding=\"async\" src=\"https:\/\/funet.tuke.sk\/wp-content\/uploads\/2023\/01\/stolny-tenis1-1024x683.jpg\" alt=\"\"\/><\/figure>\n<\/div>\n\n\n\n<div class=\"wp-block-column is-layout-flow wp-block-column-is-layout-flow\">\n<figure class=\"wp-block-image size-large\"><img decoding=\"async\" src=\"https:\/\/funet.tuke.sk\/wp-content\/uploads\/2023\/01\/stolny-tenis2-1024x683.jpg\" alt=\"\"\/><\/figure>\n<\/div>\n<\/div>\n","protected":false},"excerpt":{"rendered":"<p>Stoln\u00fd tenis Na intern\u00e1te sa nach\u00e1dzaj\u00fa dva stoly na stoln\u00fd tenis. Pr\u00edstup ku stolom maj\u00fa v\u0161etci \u010dlenovia OZ \u0160RFU. V miestnosti PC Klubu si je mo\u017en\u00e9 zapo\u017ei\u010da\u0165 rakety, lopti\u010dky a &#8230;<\/p>\n","protected":false},"author":2,"featured_media":0,"parent":0,"menu_order":0,"comment_status":"closed","ping_status":"closed","template":"","meta":{"footnotes":""},"class_list":["post-495","page","type-page","status-publish","hentry"],"_links":{"self":[{"href":"https:\/\/funet.tuke.sk\/index.php?rest_route=\/wp\/v2\/pages\/495","targetHints":{"allow":["GET"]}}],"collection":[{"href":"https:\/\/funet.tuke.sk\/index.php?rest_route=\/wp\/v2\/pages"}],"about":[{"href":"https:\/\/funet.tuke.sk\/index.php?rest_route=\/wp\/v2\/types\/page"}],"author":[{"embeddable":true,"href":"https:\/\/funet.tuke.sk\/index.php?rest_route=\/wp\/v2\/users\/2"}],"replies":[{"embeddable":true,"href":"https:\/\/funet.tuke.sk\/index.php?rest_route=%2Fwp%2Fv2%2Fcomments&post=495"}],"version-history":[{"count":2,"href":"https:\/\/funet.tuke.sk\/index.php?rest_route=\/wp\/v2\/pages\/495\/revisions"}],"predecessor-version":[{"id":594,"href":"https:\/\/funet.tuke.sk\/index.php?rest_route=\/wp\/v2\/pages\/495\/revisions\/594"}],"wp:attachment":[{"href":"https:\/\/funet.tuke.sk\/index.php?rest_route=%2Fwp%2Fv2%2Fmedia&parent=495"}],"curies":[{"name":"wp","href":"https:\/\/api.w.org\/{rel}","templated":true}]}}