{"id":503,"date":"2023-01-13T14:20:17","date_gmt":"2023-01-13T14:20:17","guid":{"rendered":"https:\/\/pcklubfu.website.tuke.sk\/?page_id=503"},"modified":"2023-01-13T14:20:17","modified_gmt":"2023-01-13T14:20:17","slug":"konferencna-miestnost","status":"publish","type":"page","link":"https:\/\/funet.tuke.sk\/?page_id=503","title":{"rendered":"Konferen\u010dn\u00e1 miestnos\u0165"},"content":{"rendered":"\n<h2 class=\"wp-block-heading\">Konferen\u010dn\u00e1 miestnos\u0165<\/h2>\n\n\n\n<p>Konferen\u010dn\u00e1 miestnos\u0165&#8230;&#8230;<\/p>\n","protected":false},"excerpt":{"rendered":"<p>Konferen\u010dn\u00e1 miestnos\u0165 Konferen\u010dn\u00e1 miestnos\u0165&#8230;&#8230;<\/p>\n","protected":false},"author":2,"featured_media":0,"parent":0,"menu_order":0,"comment_status":"closed","ping_status":"closed","template":"","meta":{"footnotes":""},"class_list":["post-503","page","type-page","status-publish","hentry"],"_links":{"self":[{"href":"https:\/\/funet.tuke.sk\/index.php?rest_route=\/wp\/v2\/pages\/503","targetHints":{"allow":["GET"]}}],"collection":[{"href":"https:\/\/funet.tuke.sk\/index.php?rest_route=\/wp\/v2\/pages"}],"about":[{"href":"https:\/\/funet.tuke.sk\/index.php?rest_route=\/wp\/v2\/types\/page"}],"author":[{"embeddable":true,"href":"https:\/\/funet.tuke.sk\/index.php?rest_route=\/wp\/v2\/users\/2"}],"replies":[{"embeddable":true,"href":"https:\/\/funet.tuke.sk\/index.php?rest_route=%2Fwp%2Fv2%2Fcomments&post=503"}],"version-history":[{"count":1,"href":"https:\/\/funet.tuke.sk\/index.php?rest_route=\/wp\/v2\/pages\/503\/revisions"}],"predecessor-version":[{"id":504,"href":"https:\/\/funet.tuke.sk\/index.php?rest_route=\/wp\/v2\/pages\/503\/revisions\/504"}],"wp:attachment":[{"href":"https:\/\/funet.tuke.sk\/index.php?rest_route=%2Fwp%2Fv2%2Fmedia&parent=503"}],"curies":[{"name":"wp","href":"https:\/\/api.w.org\/{rel}","templated":true}]}}