{"id":518,"date":"2023-01-13T19:06:18","date_gmt":"2023-01-13T19:06:18","guid":{"rendered":"https:\/\/pcklubfu.website.tuke.sk\/?page_id=518"},"modified":"2023-03-05T09:26:01","modified_gmt":"2023-03-05T09:26:01","slug":"jedalen","status":"publish","type":"page","link":"https:\/\/funet.tuke.sk\/?page_id=518","title":{"rendered":"Jed\u00e1le\u0148"},"content":{"rendered":"\n<h2 class=\"wp-block-heading\">Jed\u00e1le\u0148<\/h2>\n\n\n\n<p>Je to zmodernizovan\u00e1 stravovacia prev\u00e1dzka s poloobslu\u017en\u00fdm stravovac\u00edm syst\u00e9mom,bez povinnosti razenia l\u00edstka,s mo\u017enos\u0165ou platby aj v hotovosti, s roz\u0161\u00edren\u00fdm v\u00fdberom jed\u00e1l a ich \u013eubovo\u013enou kombin\u00e1ciou.<\/p>\n\n\n\n<p>Na prev\u00e1dzke je mo\u017enos\u0165 stravovania dvoma sp\u00f4sobmi. Objednan\u00edm si jedla cez objedn\u00e1vkov\u00fd syst\u00e9m TUKE \/&nbsp;<a href=\"https:\/\/jedalen.tuke.sk\/login\">https:\/\/jedalen.tuke.sk\/login<\/a>&nbsp;\/ de\u0148 vopred do 13:00, respekt\u00edve v&nbsp;dan\u00fd de\u0148 do 8:00 s&nbsp;mo\u017enos\u0165ou v\u00fdberu, len Menu 1&nbsp;alebo bez objednania syst\u00e9mom ,,Vyberie\u0161 a je\u0161,, kombin\u00e1cia jed\u00e1l je na stravn\u00edkovi. V ponuke s\u00fa denne obedov\u00e9 \u0161al\u00e1ty, veg\u00e1nske a vitality jedl\u00e1.<\/p>\n\n\n\n<p>Stoli\u010dkov\u00e1 kapacita : 72<\/p>\n\n\n\n<figure class=\"wp-block-table\"><table><tbody><tr><td>Otv\u00e1racie hodiny<\/td><td class=\"has-text-align-center\" data-align=\"center\">Pondelok-Piatok<\/td><\/tr><tr><td>Ra\u0148ajky<\/td><td class=\"has-text-align-center\" data-align=\"center\">7:00 &#8211; 9:00<\/td><\/tr><tr><td>Obedy<\/td><td class=\"has-text-align-center\" data-align=\"center\">11:00 &#8211; 14:00<\/td><\/tr><\/tbody><\/table><\/figure>\n\n\n\n<h2 class=\"wp-block-heading\"><strong>Ostatn\u00e9 slu\u017eby<\/strong><\/h2>\n\n\n\n<ul class=\"wp-block-list\">\n<li>vlastn\u00e1 v\u00fdroba sladk\u00fdch poh\u00e1rov<\/li>\n\n\n\n<li>zeleninov\u00e9 obedov\u00e9 \u0161al\u00e1ty<\/li>\n\n\n\n<li>predaj \u2013 cukroviniek, nealka<\/li>\n<\/ul>\n\n\n\n<div class=\"wp-block-columns is-layout-flex wp-container-core-columns-is-layout-9d6595d7 wp-block-columns-is-layout-flex\">\n<div class=\"wp-block-column is-layout-flow wp-block-column-is-layout-flow\">\n<figure class=\"wp-block-image size-large\"><img decoding=\"async\" src=\"https:\/\/funet.tuke.sk\/wp-content\/uploads\/2023\/01\/jedalen-1-1024x682.jpg\" alt=\"\"\/><\/figure>\n<\/div>\n\n\n\n<div class=\"wp-block-column is-layout-flow wp-block-column-is-layout-flow\">\n<figure class=\"wp-block-image size-large\"><img decoding=\"async\" src=\"https:\/\/funet.tuke.sk\/wp-content\/uploads\/2023\/01\/jedalen-2-1024x682.jpg\" alt=\"\"\/><\/figure>\n<\/div>\n<\/div>\n","protected":false},"excerpt":{"rendered":"<p>Jed\u00e1le\u0148 Je to zmodernizovan\u00e1 stravovacia prev\u00e1dzka s poloobslu\u017en\u00fdm stravovac\u00edm syst\u00e9mom,bez povinnosti razenia l\u00edstka,s mo\u017enos\u0165ou platby aj v hotovosti, s roz\u0161\u00edren\u00fdm v\u00fdberom jed\u00e1l a ich \u013eubovo\u013enou kombin\u00e1ciou. Na prev\u00e1dzke je mo\u017enos\u0165 &#8230;<\/p>\n","protected":false},"author":2,"featured_media":0,"parent":0,"menu_order":0,"comment_status":"closed","ping_status":"closed","template":"","meta":{"footnotes":""},"class_list":["post-518","page","type-page","status-publish","hentry"],"_links":{"self":[{"href":"https:\/\/funet.tuke.sk\/index.php?rest_route=\/wp\/v2\/pages\/518","targetHints":{"allow":["GET"]}}],"collection":[{"href":"https:\/\/funet.tuke.sk\/index.php?rest_route=\/wp\/v2\/pages"}],"about":[{"href":"https:\/\/funet.tuke.sk\/index.php?rest_route=\/wp\/v2\/types\/page"}],"author":[{"embeddable":true,"href":"https:\/\/funet.tuke.sk\/index.php?rest_route=\/wp\/v2\/users\/2"}],"replies":[{"embeddable":true,"href":"https:\/\/funet.tuke.sk\/index.php?rest_route=%2Fwp%2Fv2%2Fcomments&post=518"}],"version-history":[{"count":3,"href":"https:\/\/funet.tuke.sk\/index.php?rest_route=\/wp\/v2\/pages\/518\/revisions"}],"predecessor-version":[{"id":595,"href":"https:\/\/funet.tuke.sk\/index.php?rest_route=\/wp\/v2\/pages\/518\/revisions\/595"}],"wp:attachment":[{"href":"https:\/\/funet.tuke.sk\/index.php?rest_route=%2Fwp%2Fv2%2Fmedia&parent=518"}],"curies":[{"name":"wp","href":"https:\/\/api.w.org\/{rel}","templated":true}]}}