{"id":537,"date":"2023-01-13T19:20:16","date_gmt":"2023-01-13T19:20:16","guid":{"rendered":"https:\/\/pcklubfu.website.tuke.sk\/?page_id=537"},"modified":"2023-03-05T09:26:56","modified_gmt":"2023-03-05T09:26:56","slug":"kuchynky","status":"publish","type":"page","link":"https:\/\/funet.tuke.sk\/?page_id=537","title":{"rendered":"Kuchynky"},"content":{"rendered":"\n<h2 class=\"wp-block-heading\">Kuchynky<\/h2>\n\n\n\n<p>Na ka\u017edom poschod\u00ed \u0161tudentsk\u00e9ho domova sa nach\u00e1dzaj\u00fa dve kuchynky. <\/p>\n\n\n\n<p>Z\u00e1kladn\u00e1 v\u00fdbava kuchyniek:<\/p>\n\n\n\n<ul class=\"wp-block-list\">\n<li>Elektrick\u00fd spor\u00e1k<\/li>\n\n\n\n<li>Elektrick\u00e1 r\u00fara<\/li>\n\n\n\n<li>Spolo\u010dn\u00e1 chladni\u010dka<\/li>\n\n\n\n<li>Kuchynsk\u00fd drez<\/li>\n<\/ul>\n\n\n\n<div class=\"wp-block-columns is-layout-flex wp-container-core-columns-is-layout-9d6595d7 wp-block-columns-is-layout-flex\">\n<div class=\"wp-block-column is-layout-flow wp-block-column-is-layout-flow\">\n<figure class=\"wp-block-image size-large\"><img decoding=\"async\" src=\"https:\/\/funet.tuke.sk\/wp-content\/uploads\/2023\/01\/kuchynka-1-1-1024x683.jpg\" alt=\"\"\/><\/figure>\n<\/div>\n\n\n\n<div class=\"wp-block-column is-layout-flow wp-block-column-is-layout-flow\">\n<figure class=\"wp-block-image size-large\"><img decoding=\"async\" src=\"https:\/\/funet.tuke.sk\/wp-content\/uploads\/2023\/01\/kuchynka-2-1-1024x683.jpg\" alt=\"\"\/><\/figure>\n<\/div>\n<\/div>\n","protected":false},"excerpt":{"rendered":"<p>Kuchynky Na ka\u017edom poschod\u00ed \u0161tudentsk\u00e9ho domova sa nach\u00e1dzaj\u00fa dve kuchynky. Z\u00e1kladn\u00e1 v\u00fdbava kuchyniek:<\/p>\n","protected":false},"author":2,"featured_media":0,"parent":0,"menu_order":0,"comment_status":"closed","ping_status":"closed","template":"","meta":{"footnotes":""},"class_list":["post-537","page","type-page","status-publish","hentry"],"_links":{"self":[{"href":"https:\/\/funet.tuke.sk\/index.php?rest_route=\/wp\/v2\/pages\/537","targetHints":{"allow":["GET"]}}],"collection":[{"href":"https:\/\/funet.tuke.sk\/index.php?rest_route=\/wp\/v2\/pages"}],"about":[{"href":"https:\/\/funet.tuke.sk\/index.php?rest_route=\/wp\/v2\/types\/page"}],"author":[{"embeddable":true,"href":"https:\/\/funet.tuke.sk\/index.php?rest_route=\/wp\/v2\/users\/2"}],"replies":[{"embeddable":true,"href":"https:\/\/funet.tuke.sk\/index.php?rest_route=%2Fwp%2Fv2%2Fcomments&post=537"}],"version-history":[{"count":2,"href":"https:\/\/funet.tuke.sk\/index.php?rest_route=\/wp\/v2\/pages\/537\/revisions"}],"predecessor-version":[{"id":597,"href":"https:\/\/funet.tuke.sk\/index.php?rest_route=\/wp\/v2\/pages\/537\/revisions\/597"}],"wp:attachment":[{"href":"https:\/\/funet.tuke.sk\/index.php?rest_route=%2Fwp%2Fv2%2Fmedia&parent=537"}],"curies":[{"name":"wp","href":"https:\/\/api.w.org\/{rel}","templated":true}]}}