{"id":544,"date":"2023-01-13T19:25:40","date_gmt":"2023-01-13T19:25:40","guid":{"rendered":"https:\/\/pcklubfu.website.tuke.sk\/?page_id=544"},"modified":"2023-03-05T09:27:30","modified_gmt":"2023-03-05T09:27:30","slug":"uschovna-bicyklov","status":"publish","type":"page","link":"https:\/\/funet.tuke.sk\/?page_id=544","title":{"rendered":"\u00daschov\u0148a bicyklov"},"content":{"rendered":"\n<h2 class=\"wp-block-heading\">\u00daschov\u0148a bicyklov<\/h2>\n\n\n\n<p>V suter\u00e9ne \u0161tudentsk\u00e9ho domova sa nach\u00e1dza miestnos\u0165 pre \u00faschovu bicyklov ubytovan\u00fdch \u0161tudentov. K\u013e\u00fa\u010de od miestnosti sa nach\u00e1dzaj\u00fa na vr\u00e1tnici. <\/p>\n\n\n\n<figure class=\"wp-block-image size-large\"><img decoding=\"async\" src=\"https:\/\/funet.tuke.sk\/wp-content\/uploads\/2023\/01\/uschovna-bicyklov-1024x683.jpg\" alt=\"\"\/><\/figure>\n","protected":false},"excerpt":{"rendered":"<p>\u00daschov\u0148a bicyklov V suter\u00e9ne \u0161tudentsk\u00e9ho domova sa nach\u00e1dza miestnos\u0165 pre \u00faschovu bicyklov ubytovan\u00fdch \u0161tudentov. K\u013e\u00fa\u010de od miestnosti sa nach\u00e1dzaj\u00fa na vr\u00e1tnici.<\/p>\n","protected":false},"author":2,"featured_media":0,"parent":0,"menu_order":0,"comment_status":"closed","ping_status":"closed","template":"","meta":{"footnotes":""},"class_list":["post-544","page","type-page","status-publish","hentry"],"_links":{"self":[{"href":"https:\/\/funet.tuke.sk\/index.php?rest_route=\/wp\/v2\/pages\/544","targetHints":{"allow":["GET"]}}],"collection":[{"href":"https:\/\/funet.tuke.sk\/index.php?rest_route=\/wp\/v2\/pages"}],"about":[{"href":"https:\/\/funet.tuke.sk\/index.php?rest_route=\/wp\/v2\/types\/page"}],"author":[{"embeddable":true,"href":"https:\/\/funet.tuke.sk\/index.php?rest_route=\/wp\/v2\/users\/2"}],"replies":[{"embeddable":true,"href":"https:\/\/funet.tuke.sk\/index.php?rest_route=%2Fwp%2Fv2%2Fcomments&post=544"}],"version-history":[{"count":2,"href":"https:\/\/funet.tuke.sk\/index.php?rest_route=\/wp\/v2\/pages\/544\/revisions"}],"predecessor-version":[{"id":598,"href":"https:\/\/funet.tuke.sk\/index.php?rest_route=\/wp\/v2\/pages\/544\/revisions\/598"}],"wp:attachment":[{"href":"https:\/\/funet.tuke.sk\/index.php?rest_route=%2Fwp%2Fv2%2Fmedia&parent=544"}],"curies":[{"name":"wp","href":"https:\/\/api.w.org\/{rel}","templated":true}]}}