{"id":550,"date":"2023-01-13T19:33:21","date_gmt":"2023-01-13T19:33:21","guid":{"rendered":"https:\/\/pcklubfu.website.tuke.sk\/?page_id=550"},"modified":"2023-03-05T09:39:55","modified_gmt":"2023-03-05T09:39:55","slug":"kam-vynasat-odpad","status":"publish","type":"page","link":"https:\/\/funet.tuke.sk\/?page_id=550","title":{"rendered":"Kam vyn\u00e1\u0161a\u0165 odpad"},"content":{"rendered":"\n<h2 class=\"wp-block-heading\">Kam vyn\u00e1\u0161a\u0165 odpad <\/h2>\n\n\n\n<p>Kam vyn\u00e1\u0161a\u0165 odpad? No predsa do ko\u0161ov na to ur\u010den\u00fdch! Aj ke\u010f to niekomu m\u00f4\u017ee pripada\u0165 ako jednozna\u010dn\u00e1 vec, prax uk\u00e1zala \u017ee nie v\u0161etci \u0161tudenti s\u00fa schopn\u00fd pochopi\u0165 my\u0161lienku ve\u013ekoobjemov\u00fdch kontajnerov a odpad zo svojich izieb vyhadzuj\u00fa do mal\u00fdch ko\u0161ov v kuchynk\u00e1ch a na z\u00e1chodoch. To vedie k ich ve\u013emi r\u00fdchlemu preplneniu a n\u00e1sledn\u00e9mu vys\u00fdpaniu odpadu po podlah\u00e1ch. <\/p>\n\n\n\n<p>Pros\u00edme preto v\u0161etk\u00fdch inteligentn\u00fdch \u013eud\u00ed aby svoje smeti z izieb vyhadzovali do ve\u013ekoobjemov\u00fdch kontajnerov, ktor\u00e9 sa nach\u00e1dzaj\u00fa na dvore za intern\u00e1tom, k\u013e\u00fa\u010diky od dver\u00ed sa ako v\u017edy nach\u00e1dzaj\u00fa na vr\u00e1tnici. <\/p>\n\n\n<div class=\"wp-block-image\">\n<figure class=\"aligncenter size-large\"><img decoding=\"async\" src=\"https:\/\/funet.tuke.sk\/wp-content\/uploads\/2023\/01\/kose-1024x683.jpg\" alt=\"\"\/><figcaption class=\"wp-element-caption\">Smeti patria tuna!<\/figcaption><\/figure>\n<\/div>","protected":false},"excerpt":{"rendered":"<p>Kam vyn\u00e1\u0161a\u0165 odpad Kam vyn\u00e1\u0161a\u0165 odpad? No predsa do ko\u0161ov na to ur\u010den\u00fdch! Aj ke\u010f to niekomu m\u00f4\u017ee pripada\u0165 ako jednozna\u010dn\u00e1 vec, prax uk\u00e1zala \u017ee nie v\u0161etci \u0161tudenti s\u00fa schopn\u00fd &#8230;<\/p>\n","protected":false},"author":2,"featured_media":0,"parent":0,"menu_order":0,"comment_status":"closed","ping_status":"closed","template":"","meta":{"footnotes":""},"class_list":["post-550","page","type-page","status-publish","hentry"],"_links":{"self":[{"href":"https:\/\/funet.tuke.sk\/index.php?rest_route=\/wp\/v2\/pages\/550","targetHints":{"allow":["GET"]}}],"collection":[{"href":"https:\/\/funet.tuke.sk\/index.php?rest_route=\/wp\/v2\/pages"}],"about":[{"href":"https:\/\/funet.tuke.sk\/index.php?rest_route=\/wp\/v2\/types\/page"}],"author":[{"embeddable":true,"href":"https:\/\/funet.tuke.sk\/index.php?rest_route=\/wp\/v2\/users\/2"}],"replies":[{"embeddable":true,"href":"https:\/\/funet.tuke.sk\/index.php?rest_route=%2Fwp%2Fv2%2Fcomments&post=550"}],"version-history":[{"count":2,"href":"https:\/\/funet.tuke.sk\/index.php?rest_route=\/wp\/v2\/pages\/550\/revisions"}],"predecessor-version":[{"id":609,"href":"https:\/\/funet.tuke.sk\/index.php?rest_route=\/wp\/v2\/pages\/550\/revisions\/609"}],"wp:attachment":[{"href":"https:\/\/funet.tuke.sk\/index.php?rest_route=%2Fwp%2Fv2%2Fmedia&parent=550"}],"curies":[{"name":"wp","href":"https:\/\/api.w.org\/{rel}","templated":true}]}}