{"id":65,"date":"2022-09-28T19:14:23","date_gmt":"2022-09-28T19:14:23","guid":{"rendered":"https:\/\/pcklubfu.website.tuke.sk\/?page_id=65"},"modified":"2023-03-05T09:14:05","modified_gmt":"2023-03-05T09:14:05","slug":"internet","status":"publish","type":"page","link":"https:\/\/funet.tuke.sk\/?page_id=65","title":{"rendered":"INTERNET"},"content":{"rendered":"\n<h2 class=\"wp-block-heading\">Pripojenie k Internetu <\/h2>\n\n\n\n<p>Ka\u017ed\u00fd \u0161tudent, b\u00fdvaj\u00faci na intern\u00e1te Ferka Urb\u00e1nka m\u00e1 mo\u017enos\u0165 pripojenia sa do k\u00e1blov\u00e9ho alebo bezdr\u00f4tov\u00e9ho vysokor\u00fdchlostn\u00e9ho internetu. Na pripojenie je potrebn\u00e1 registr\u00e1cia do ob\u010dianskeho zdru\u017eenia (OZ \u0160RFU) .<\/p>\n\n\n\n<p><strong>\u010co urobi\u0165 aby ti i\u0161iel internet:<\/strong><\/p>\n\n\n\n<ol class=\"wp-block-list\">\n<li>Zaregistrova\u0165 sa, prida\u0165 po\u010d\u00edta\u010d, mobil alebo in\u00e9 zariadenie na&nbsp;<a href=\"http:\/\/userpanel.pcklub.sk\/\">userpanel<\/a>&nbsp;(n\u00e1vod n\u00e1jde\u0161 na str\u00e1nke)<\/li>\n\n\n\n<li>Zaplati\u0165 \u010dlensk\u00fd poplatok 27\u20ac  za semester (na spr\u00e1vny \u00fa\u010det so spr\u00e1vnym VS, ktor\u00fd n\u00e1jde\u0161 po prihl\u00e1sen\u00ed na&nbsp;<a href=\"http:\/\/userpanel.pcklub.sk\/\">userpanel<\/a>)<\/li>\n\n\n\n<li>Pr\u00eds\u0165 na osobn\u00fd z\u00e1pis do ob\u010dianskeho zdru\u017eenia (term\u00edny bud\u00fa v\u010das vyvesen\u00e9 na <a href=\"https:\/\/funet.tuke.sk\/\" target=\"_blank\" rel=\"noreferrer noopener\">str\u00e1nke intern\u00e1tu<\/a> a na n\u00e1stenk\u00e1ch po celom intern\u00e1te)<\/li>\n<\/ol>\n\n\n\n<p>PS: Ku bodu \u010d.1: ka\u017ed\u00fd u\u017e\u00edvate\u013e m\u00e1 mo\u017enos\u0165 pripojenia 1 zariadenia na k\u00e1blov\u00e9 pripojenie a 1 zariadenia na bezdr\u00f4tov\u00e9, preto odpor\u00fa\u010dame pripoji\u0165 po\u010d\u00edta\u010d cez k\u00e1bel a mobil\/tablet cez WIFI.<\/p>\n\n\n\n<p>U\u017eito\u010dn\u00e9 n\u00e1vody:<\/p>\n\n\n\n<ul class=\"wp-block-list\">\n<li><a href=\"https:\/\/funet.tuke.sk\/?page_id=316\">OZ \u0160RFU a platby do OZ<\/a><\/li>\n\n\n\n<li><a href=\"https:\/\/funet.tuke.sk\/?page_id=317\" data-type=\"URL\" data-id=\"https:\/\/funet.tuke.sk\/?page_id=317\">Ako zisti\u0165 MAC adresu po\u010d\u00edta\u010da<\/a><\/li>\n\n\n\n<li><a href=\"https:\/\/funet.tuke.sk\/?page_id=318\" data-type=\"URL\" data-id=\"https:\/\/funet.tuke.sk\/?page_id=318\">Ako zisti\u0165 MAC adresu telef\u00f3nu<\/a><\/li>\n\n\n\n<li><a href=\"https:\/\/funet.tuke.sk\/?page_id=319\" data-type=\"URL\" data-id=\"https:\/\/funet.tuke.sk\/?page_id=319\">Pripojenie k Wi-Fi<\/a><\/li>\n\n\n\n<li><a href=\"https:\/\/funet.tuke.sk\/?page_id=320\" data-type=\"URL\" data-id=\"https:\/\/funet.tuke.sk\/?page_id=320\">Registr\u00e1cia na userpanel<\/a><\/li>\n<\/ul>\n\n\n\n<figure class=\"wp-block-image size-large\"><img decoding=\"async\" src=\"https:\/\/funet.tuke.sk\/wp-content\/uploads\/2023\/01\/logo-7.gif\" alt=\"\"\/><\/figure>\n","protected":false},"excerpt":{"rendered":"<p>Pripojenie k Internetu Ka\u017ed\u00fd \u0161tudent, b\u00fdvaj\u00faci na intern\u00e1te Ferka Urb\u00e1nka m\u00e1 mo\u017enos\u0165 pripojenia sa do k\u00e1blov\u00e9ho alebo bezdr\u00f4tov\u00e9ho vysokor\u00fdchlostn\u00e9ho internetu. Na pripojenie je potrebn\u00e1 registr\u00e1cia do ob\u010dianskeho zdru\u017eenia (OZ \u0160RFU) &#8230;<\/p>\n","protected":false},"author":1,"featured_media":0,"parent":0,"menu_order":0,"comment_status":"closed","ping_status":"closed","template":"","meta":{"footnotes":""},"class_list":["post-65","page","type-page","status-publish","hentry"],"_links":{"self":[{"href":"https:\/\/funet.tuke.sk\/index.php?rest_route=\/wp\/v2\/pages\/65","targetHints":{"allow":["GET"]}}],"collection":[{"href":"https:\/\/funet.tuke.sk\/index.php?rest_route=\/wp\/v2\/pages"}],"about":[{"href":"https:\/\/funet.tuke.sk\/index.php?rest_route=\/wp\/v2\/types\/page"}],"author":[{"embeddable":true,"href":"https:\/\/funet.tuke.sk\/index.php?rest_route=\/wp\/v2\/users\/1"}],"replies":[{"embeddable":true,"href":"https:\/\/funet.tuke.sk\/index.php?rest_route=%2Fwp%2Fv2%2Fcomments&post=65"}],"version-history":[{"count":8,"href":"https:\/\/funet.tuke.sk\/index.php?rest_route=\/wp\/v2\/pages\/65\/revisions"}],"predecessor-version":[{"id":585,"href":"https:\/\/funet.tuke.sk\/index.php?rest_route=\/wp\/v2\/pages\/65\/revisions\/585"}],"wp:attachment":[{"href":"https:\/\/funet.tuke.sk\/index.php?rest_route=%2Fwp%2Fv2%2Fmedia&parent=65"}],"curies":[{"name":"wp","href":"https:\/\/api.w.org\/{rel}","templated":true}]}}