{"id":70,"date":"2022-09-28T19:16:48","date_gmt":"2022-09-28T19:16:48","guid":{"rendered":"https:\/\/pcklubfu.website.tuke.sk\/?page_id=70"},"modified":"2023-03-05T09:20:46","modified_gmt":"2023-03-05T09:20:46","slug":"studentske-kluby","status":"publish","type":"page","link":"https:\/\/funet.tuke.sk\/?page_id=70","title":{"rendered":"\u0160tudentsk\u00e9 kluby"},"content":{"rendered":"\n<h2 class=\"wp-block-heading\">\u0160tudentsk\u00e9 kluby<\/h2>\n\n\n\n<p>V \u0161tudentskom domove Ferka Urb\u00e1nka funguje nieko\u013eko \u0161tudentsk\u00fdch klubov, ktor\u00fdch sa m\u00f4\u017eu ubytovan\u00fd \u0161tudenti zap\u00edsan\u00fd v OZ \u0160RFU sta\u0165 \u010dlenmi. Jedn\u00e1 sa o kluby: <\/p>\n\n\n\n<ul class=\"wp-block-list\">\n<li><a href=\"https:\/\/funet.tuke.sk\/?page_id=72\" data-type=\"URL\" data-id=\"https:\/\/funet.tuke.sk\/?page_id=72\">\u0160tudentsk\u00e1 rada Ferka Urb\u00e1nka (\u0160RFU)<\/a><\/li>\n\n\n\n<li><a href=\"https:\/\/funet.tuke.sk\/?page_id=80\" data-type=\"URL\" data-id=\"https:\/\/funet.tuke.sk\/?page_id=80\">\u0160tudentsk\u00e1 pol\u00edcia Ferka Urb\u00e1nka (\u0160PFU)<\/a><\/li>\n\n\n\n<li><a href=\"https:\/\/funet.tuke.sk\/?page_id=78\" data-type=\"URL\" data-id=\"https:\/\/funet.tuke.sk\/?page_id=78\">PC Klub Ferka Urb\u00e1nka <\/a><\/li>\n<\/ul>\n","protected":false},"excerpt":{"rendered":"<p>\u0160tudentsk\u00e9 kluby V \u0161tudentskom domove Ferka Urb\u00e1nka funguje nieko\u013eko \u0161tudentsk\u00fdch klubov, ktor\u00fdch sa m\u00f4\u017eu ubytovan\u00fd \u0161tudenti zap\u00edsan\u00fd v OZ \u0160RFU sta\u0165 \u010dlenmi. Jedn\u00e1 sa o kluby:<\/p>\n","protected":false},"author":1,"featured_media":0,"parent":0,"menu_order":0,"comment_status":"closed","ping_status":"closed","template":"","meta":{"footnotes":""},"class_list":["post-70","page","type-page","status-publish","hentry"],"_links":{"self":[{"href":"https:\/\/funet.tuke.sk\/index.php?rest_route=\/wp\/v2\/pages\/70","targetHints":{"allow":["GET"]}}],"collection":[{"href":"https:\/\/funet.tuke.sk\/index.php?rest_route=\/wp\/v2\/pages"}],"about":[{"href":"https:\/\/funet.tuke.sk\/index.php?rest_route=\/wp\/v2\/types\/page"}],"author":[{"embeddable":true,"href":"https:\/\/funet.tuke.sk\/index.php?rest_route=\/wp\/v2\/users\/1"}],"replies":[{"embeddable":true,"href":"https:\/\/funet.tuke.sk\/index.php?rest_route=%2Fwp%2Fv2%2Fcomments&post=70"}],"version-history":[{"count":6,"href":"https:\/\/funet.tuke.sk\/index.php?rest_route=\/wp\/v2\/pages\/70\/revisions"}],"predecessor-version":[{"id":588,"href":"https:\/\/funet.tuke.sk\/index.php?rest_route=\/wp\/v2\/pages\/70\/revisions\/588"}],"wp:attachment":[{"href":"https:\/\/funet.tuke.sk\/index.php?rest_route=%2Fwp%2Fv2%2Fmedia&parent=70"}],"curies":[{"name":"wp","href":"https:\/\/api.w.org\/{rel}","templated":true}]}}