{"id":72,"date":"2022-09-28T19:19:05","date_gmt":"2022-09-28T19:19:05","guid":{"rendered":"https:\/\/pcklubfu.website.tuke.sk\/?page_id=72"},"modified":"2023-03-05T09:23:38","modified_gmt":"2023-03-05T09:23:38","slug":"studentska-rada","status":"publish","type":"page","link":"https:\/\/funet.tuke.sk\/?page_id=72","title":{"rendered":"\u0160tudentsk\u00e1 rada"},"content":{"rendered":"\n<h2 class=\"wp-block-heading\">\u0160tudentsk\u00e1 rada Ferka Urb\u00e1nka<\/h2>\n\n\n\n<p><strong>Konkr\u00e9tny cie\u013e \u010dinnosti:<\/strong><\/p>\n\n\n\n<p>Ob\u010dianske zdru\u017eenie \u0160tudentsk\u00e1 Rada Ferka Urb\u00e1nka  zalo\u017een\u00e9 v zmysle z\u00e1kona \u010d. 83\/1990 Zb. z. o zdru\u017eovan\u00ed ob\u010danov v znen\u00ed neskor\u0161\u00edch predpisov si stanovuje tieto ciele zdru\u017eenia:<\/p>\n\n\n\n<p>\u2013 zastre\u0161ova\u0165 \u0161tudentov ubytovan\u00fdch na intern\u00e1te Ferka Urb\u00e1nka ,<\/p>\n\n\n\n<p>\u2013 prij\u00edma a rie\u0161i n\u00e1vrhy a pripomienky \u010dlenov ob\u010dianskeho zdru\u017eenia \u0160RFU ,<\/p>\n\n\n\n<p>\u2013 rozv\u00edja\u0165 a ochra\u0148ova\u0165 duchovn\u00e9 a kult\u00farne hodnoty,<\/p>\n\n\n\n<p>\u2013 vytv\u00e1ra\u0165 priestor a zariadenia pre realiz\u00e1ciu kult\u00farno-spolo\u010densk\u00e9ho \u017eivota,<\/p>\n\n\n\n<p>\u2013 rozv\u00edja\u0165 technick\u00e9 zariadenia a zru\u010dnost\u00ed: vzdel\u00e1vacia \u010dinnos\u0165 a poradensk\u00e9 slu\u017eby,<\/p>\n\n\n\n<p>\u2013 podporova\u0165 v\u00fdskum, v\u00fdvoj, vedecko-technick\u00fdch slu\u017eieb a informa\u010dn\u00fdch slu\u017eieb,<\/p>\n\n\n\n<p>\u2013 zabezpe\u010dova\u0165 rozvoj informatiza\u010dnej siete v lokalite p\u00f4sobenia organiz\u00e1cie informovanos\u0165 \u0161tudenta o spolupr\u00e1ci s extern\u00fdmi firmami,<\/p>\n\n\n\n<p>\u2013 poskytova\u0165 soci\u00e1lnu pomoc a humanit\u00e1rnu starostlivos\u0165, zabezpe\u010di\u0165 zria\u010fovanie a riadenie \u010dinnosti klubov \u0160RFU.<\/p>\n\n\n\n<figure class=\"wp-block-image size-large\"><img decoding=\"async\" src=\"https:\/\/funet.tuke.sk\/wp-content\/uploads\/2023\/01\/logo_SRFU-2.png\" alt=\"\"\/><\/figure>\n","protected":false},"excerpt":{"rendered":"<p>\u0160tudentsk\u00e1 rada Ferka Urb\u00e1nka Konkr\u00e9tny cie\u013e \u010dinnosti: Ob\u010dianske zdru\u017eenie \u0160tudentsk\u00e1 Rada Ferka Urb\u00e1nka zalo\u017een\u00e9 v zmysle z\u00e1kona \u010d. 83\/1990 Zb. z. o zdru\u017eovan\u00ed ob\u010danov v znen\u00ed neskor\u0161\u00edch predpisov si stanovuje &#8230;<\/p>\n","protected":false},"author":1,"featured_media":0,"parent":0,"menu_order":0,"comment_status":"closed","ping_status":"closed","template":"","meta":{"footnotes":""},"class_list":["post-72","page","type-page","status-publish","hentry"],"_links":{"self":[{"href":"https:\/\/funet.tuke.sk\/index.php?rest_route=\/wp\/v2\/pages\/72","targetHints":{"allow":["GET"]}}],"collection":[{"href":"https:\/\/funet.tuke.sk\/index.php?rest_route=\/wp\/v2\/pages"}],"about":[{"href":"https:\/\/funet.tuke.sk\/index.php?rest_route=\/wp\/v2\/types\/page"}],"author":[{"embeddable":true,"href":"https:\/\/funet.tuke.sk\/index.php?rest_route=\/wp\/v2\/users\/1"}],"replies":[{"embeddable":true,"href":"https:\/\/funet.tuke.sk\/index.php?rest_route=%2Fwp%2Fv2%2Fcomments&post=72"}],"version-history":[{"count":6,"href":"https:\/\/funet.tuke.sk\/index.php?rest_route=\/wp\/v2\/pages\/72\/revisions"}],"predecessor-version":[{"id":591,"href":"https:\/\/funet.tuke.sk\/index.php?rest_route=\/wp\/v2\/pages\/72\/revisions\/591"}],"wp:attachment":[{"href":"https:\/\/funet.tuke.sk\/index.php?rest_route=%2Fwp%2Fv2%2Fmedia&parent=72"}],"curies":[{"name":"wp","href":"https:\/\/api.w.org\/{rel}","templated":true}]}}