{"id":82,"date":"2022-09-28T19:30:47","date_gmt":"2022-09-28T19:30:47","guid":{"rendered":"https:\/\/pcklubfu.website.tuke.sk\/?page_id=82"},"modified":"2025-05-22T08:37:09","modified_gmt":"2025-05-22T08:37:09","slug":"kontakt","status":"publish","type":"page","link":"https:\/\/funet.tuke.sk\/?page_id=82","title":{"rendered":"Kontakt"},"content":{"rendered":"\n<div class=\"wp-block-columns is-layout-flex wp-container-core-columns-is-layout-9d6595d7 wp-block-columns-is-layout-flex\">\n<div class=\"wp-block-column is-layout-flow wp-block-column-is-layout-flow\">\n<h1 class=\"wp-block-heading\">Kontaktn\u00e9 \u00fadaje<\/h1>\n<\/div>\n<\/div>\n\n\n\n<h2 class=\"wp-block-heading\">Adresa<\/h2>\n\n\n\n<div class=\"wp-block-group is-vertical is-content-justification-center is-layout-flex wp-container-core-group-is-layout-4b2eccd6 wp-block-group-is-layout-flex\">\n<div class=\"wp-block-group\"><div class=\"wp-block-group__inner-container is-layout-constrained wp-block-group-is-layout-constrained\">\n<div class=\"wp-block-group\"><div class=\"wp-block-group__inner-container is-layout-constrained wp-block-group-is-layout-constrained\">\n<p><strong>N\u00e1zov<\/strong>:    Intern\u00e1t Ferka Urb\u00e1nka<\/p>\n\n\n\n<p><strong>Ulica<\/strong>:       Urb\u00e1nkova 2<\/p>\n\n\n\n<p><strong>PS\u010c<\/strong>:          040 01<\/p>\n\n\n\n<p><strong>Mesto<\/strong>:     Ko\u0161ice<\/p>\n<\/div><\/div>\n<\/div><\/div>\n<\/div>\n\n\n\n<hr class=\"wp-block-separator has-alpha-channel-opacity is-style-wide\"\/>\n\n\n\n<h2 class=\"wp-block-heading\">Ubytovacie oddelenie<\/h2>\n\n\n\n<h3 class=\"wp-block-heading\">Otv\u00e1racie hodiny<\/h3>\n\n\n\n<div class=\"wp-block-group is-vertical is-content-justification-center is-layout-flex wp-container-core-group-is-layout-4b2eccd6 wp-block-group-is-layout-flex\">\n<div class=\"wp-block-group\"><div class=\"wp-block-group__inner-container is-layout-constrained wp-block-group-is-layout-constrained\">\n<p><strong> Pondelok:<\/strong>   08:00 &#8211; 14:00<\/p>\n\n\n\n<p><strong> Utorok:<\/strong>       08:00 &#8211; 14:00<\/p>\n\n\n\n<p><strong> Streda:<\/strong>        08:00 &#8211; 14:00<\/p>\n\n\n\n<p><strong> \u0160tvrtok:<\/strong>      08:00 &#8211; 14:00<\/p>\n\n\n\n<p><strong> Piatok:<\/strong>        08:00 &#8211; 13:00<\/p>\n\n\n\n<p><\/p>\n\n\n\n<p><strong>Obedn\u00e1 prest\u00e1vka:<\/strong> 11:30 &#8211; 12:00<\/p>\n<\/div><\/div>\n<\/div>\n\n\n\n<hr class=\"wp-block-separator has-alpha-channel-opacity is-style-wide\"\/>\n\n\n\n<h3 class=\"wp-block-heading\"><strong>Ved\u00faca \u0160D<\/strong><\/h3>\n\n\n\n<div class=\"wp-block-group is-vertical is-content-justification-center is-layout-flex wp-container-core-group-is-layout-4b2eccd6 wp-block-group-is-layout-flex\">\n<div class=\"wp-block-group\"><div class=\"wp-block-group__inner-container is-layout-constrained wp-block-group-is-layout-constrained\">\n<p><strong>Ing. Eva Dzurov\u010dinov\u00e1<\/strong>:   +421 (0)55 602 5830<\/p>\n\n\n\n<p><strong>E -mail<\/strong>:                          eva.dzurovcinova@tuke.sk<\/p>\n<\/div><\/div>\n<\/div>\n\n\n\n<hr class=\"wp-block-separator has-alpha-channel-opacity is-style-wide\"\/>\n\n\n\n<h3 class=\"wp-block-heading\">\u0160tudentsk\u00e9 ubytovanie<\/h3>\n\n\n\n<div class=\"wp-block-group is-vertical is-content-justification-center is-layout-flex wp-container-core-group-is-layout-4b2eccd6 wp-block-group-is-layout-flex\">\n<div class=\"wp-block-group\"><div class=\"wp-block-group__inner-container is-layout-constrained wp-block-group-is-layout-constrained\">\n<p><strong>Stanislava \u0160est\u00e1kov\u00e1:<\/strong> +421 (0)55 602 5866<\/p>\n\n\n\n<p class=\"has-text-align-left\"><strong>E-mail:<\/strong>                                stanislava.sestakova@tuke.sk<\/p>\n<\/div><\/div>\n<\/div>\n\n\n\n<hr class=\"wp-block-separator has-alpha-channel-opacity is-style-wide\"\/>\n\n\n\n<h3 class=\"wp-block-heading\">Hotelov\u00e9 ubytovanie<\/h3>\n\n\n\n<div class=\"wp-block-group is-vertical is-content-justification-center is-layout-flex wp-container-core-group-is-layout-4b2eccd6 wp-block-group-is-layout-flex\">\n<div class=\"wp-block-group\"><div class=\"wp-block-group__inner-container is-layout-constrained wp-block-group-is-layout-constrained\">\n<p><strong>Bernadeta Bornova:<\/strong> +421 (0)55 602 5865<\/p>\n\n\n\n<p><strong>E-mail:<\/strong> bernadeta.bornova@tuke.sk\u00a0<\/p>\n<\/div><\/div>\n<\/div>\n\n\n\n<hr class=\"wp-block-separator has-alpha-channel-opacity is-style-wide\"\/>\n\n\n\n<h2 class=\"wp-block-heading\">Predseda \u0160RFU<\/h2>\n\n\n\n<div class=\"wp-block-group is-vertical is-content-justification-center is-layout-flex wp-container-core-group-is-layout-4b2eccd6 wp-block-group-is-layout-flex\">\n<div class=\"wp-block-group\"><div class=\"wp-block-group__inner-container is-layout-constrained wp-block-group-is-layout-constrained\">\n<p><strong>Stanislav Gira\u0161ek:<\/strong> +421 (0)917 305 308<\/p>\n\n\n\n<p><strong>Email:<\/strong> stanislav.girasek@student.tuke.sk<\/p>\n<\/div><\/div>\n<\/div>\n\n\n\n<hr class=\"wp-block-separator has-alpha-channel-opacity is-style-wide\"\/>\n\n\n\n<h2 class=\"wp-block-heading\">Vr\u00e1tnica<\/h2>\n\n\n\n<div class=\"wp-block-group is-vertical is-content-justification-center is-layout-flex wp-container-core-group-is-layout-4b2eccd6 wp-block-group-is-layout-flex\">\n<div class=\"wp-block-group\"><div class=\"wp-block-group__inner-container is-layout-constrained wp-block-group-is-layout-constrained\">\n<p><strong>Tel.\u010d.:<\/strong>   +421 (0)55 602 5867<\/p>\n\n\n\n<p><strong>Mobil:<\/strong>  +421 (0)917 911 621<\/p>\n<\/div><\/div>\n<\/div>\n","protected":false},"excerpt":{"rendered":"<p>Kontaktn\u00e9 \u00fadaje Adresa N\u00e1zov: Intern\u00e1t Ferka Urb\u00e1nka Ulica: Urb\u00e1nkova 2 PS\u010c: 040 01 Mesto: Ko\u0161ice Ubytovacie oddelenie Otv\u00e1racie hodiny Pondelok: 08:00 &#8211; 14:00 Utorok: 08:00 &#8211; 14:00 Streda: 08:00 &#8211; &#8230;<\/p>\n","protected":false},"author":1,"featured_media":0,"parent":0,"menu_order":0,"comment_status":"closed","ping_status":"closed","template":"","meta":{"footnotes":""},"class_list":["post-82","page","type-page","status-publish","hentry"],"_links":{"self":[{"href":"https:\/\/funet.tuke.sk\/index.php?rest_route=\/wp\/v2\/pages\/82","targetHints":{"allow":["GET"]}}],"collection":[{"href":"https:\/\/funet.tuke.sk\/index.php?rest_route=\/wp\/v2\/pages"}],"about":[{"href":"https:\/\/funet.tuke.sk\/index.php?rest_route=\/wp\/v2\/types\/page"}],"author":[{"embeddable":true,"href":"https:\/\/funet.tuke.sk\/index.php?rest_route=\/wp\/v2\/users\/1"}],"replies":[{"embeddable":true,"href":"https:\/\/funet.tuke.sk\/index.php?rest_route=%2Fwp%2Fv2%2Fcomments&post=82"}],"version-history":[{"count":29,"href":"https:\/\/funet.tuke.sk\/index.php?rest_route=\/wp\/v2\/pages\/82\/revisions"}],"predecessor-version":[{"id":713,"href":"https:\/\/funet.tuke.sk\/index.php?rest_route=\/wp\/v2\/pages\/82\/revisions\/713"}],"wp:attachment":[{"href":"https:\/\/funet.tuke.sk\/index.php?rest_route=%2Fwp%2Fv2%2Fmedia&parent=82"}],"curies":[{"name":"wp","href":"https:\/\/api.w.org\/{rel}","templated":true}]}}